{"id":60,"date":"2021-07-09T10:35:06","date_gmt":"2021-07-09T08:35:06","guid":{"rendered":"https:\/\/domainedelapiale.lauremipsum.fr\/?page_id=60"},"modified":"2021-07-12T10:42:28","modified_gmt":"2021-07-12T08:42:28","slug":"chambres-dhotes-fons-lot","status":"publish","type":"page","link":"https:\/\/domainedelapiale.com\/","title":{"rendered":"Chambres d&rsquo;h\u00f4tes \u00e0 Fons | Lot"},"content":{"rendered":"\n\n\n[et_pb_section admin_label=\u00a0\u00bbsection\u00a0\u00bb]\n\t\t\t[et_pb_row admin_label=\u00a0\u00bbrow\u00a0\u00bb]\n\t\t\t\t[et_pb_column type=\u00a0\u00bb4_4&Prime;][et_pb_text admin_label=\u00a0\u00bbText\u00a0\u00bb][\/et_pb_text][\/et_pb_column]\n\t\t\t[\/et_pb_row]\n\t\t[\/et_pb_section]\n\n\n","protected":false},"excerpt":{"rendered":"","protected":false},"author":1,"featured_media":0,"parent":0,"menu_order":0,"comment_status":"closed","ping_status":"closed","template":"","meta":{"_et_pb_use_builder":"on","_et_pb_old_content":"<!-- wp:divi\/placeholder \/-->","_et_gb_content_width":"","footnotes":""},"class_list":["post-60","page","type-page","status-publish","hentry"],"yoast_head":"<!-- This site is optimized with the Yoast SEO plugin v19.7 - https:\/\/yoast.com\/wordpress\/plugins\/seo\/ -->\n<title>Chambres d&#039;h\u00f4tes \u00e0 Fons | Lot - Domaine de La Piale - Fons - Lot<\/title>\n<meta name=\"description\" content=\"Chambres d&#039;h\u00f4tes et g\u00eete. Le Domaine de La Piale vous accueille \u00e0 Fons dans le Lot. Il est situ\u00e9 dans un cadre propice au repos et \u00e0 la d\u00e9tente.\" \/>\n<meta name=\"robots\" content=\"index, follow, max-snippet:-1, max-image-preview:large, max-video-preview:-1\" \/>\n<link rel=\"canonical\" href=\"https:\/\/domainedelapiale.com\/\" \/>\n<meta property=\"og:locale\" content=\"fr_FR\" \/>\n<meta property=\"og:type\" content=\"article\" \/>\n<meta property=\"og:title\" content=\"Chambres d&#039;h\u00f4tes \u00e0 Fons | Lot - Domaine de La Piale - Fons - Lot\" \/>\n<meta property=\"og:description\" content=\"Chambres d&#039;h\u00f4tes et g\u00eete. Le Domaine de La Piale vous accueille \u00e0 Fons dans le Lot. Il est situ\u00e9 dans un cadre propice au repos et \u00e0 la d\u00e9tente.\" \/>\n<meta property=\"og:url\" content=\"https:\/\/domainedelapiale.com\/\" \/>\n<meta property=\"og:site_name\" content=\"Domaine de La Piale - Fons - Lot\" \/>\n<meta property=\"article:modified_time\" content=\"2021-07-12T08:42:28+00:00\" \/>\n<meta name=\"twitter:card\" content=\"summary_large_image\" \/>\n<meta name=\"twitter:label1\" content=\"Dur\u00e9e de lecture estim\u00e9e\" \/>\n\t<meta name=\"twitter:data1\" content=\"1 minute\" \/>\n<script type=\"application\/ld+json\" class=\"yoast-schema-graph\">{\"@context\":\"https:\/\/schema.org\",\"@graph\":[{\"@type\":\"WebPage\",\"@id\":\"https:\/\/domainedelapiale.com\/\",\"url\":\"https:\/\/domainedelapiale.com\/\",\"name\":\"Chambres d'h\u00f4tes \u00e0 Fons | Lot - Domaine de La Piale - Fons - Lot\",\"isPartOf\":{\"@id\":\"https:\/\/domainedelapiale.com\/#website\"},\"datePublished\":\"2021-07-09T08:35:06+00:00\",\"dateModified\":\"2021-07-12T08:42:28+00:00\",\"description\":\"Chambres d'h\u00f4tes et g\u00eete. Le Domaine de La Piale vous accueille \u00e0 Fons dans le Lot. Il est situ\u00e9 dans un cadre propice au repos et \u00e0 la d\u00e9tente.\",\"breadcrumb\":{\"@id\":\"https:\/\/domainedelapiale.com\/#breadcrumb\"},\"inLanguage\":\"fr-FR\",\"potentialAction\":[{\"@type\":\"ReadAction\",\"target\":[\"https:\/\/domainedelapiale.com\/\"]}]},{\"@type\":\"BreadcrumbList\",\"@id\":\"https:\/\/domainedelapiale.com\/#breadcrumb\",\"itemListElement\":[{\"@type\":\"ListItem\",\"position\":1,\"name\":\"Accueil\",\"item\":\"https:\/\/domainedelapiale.com\/\"},{\"@type\":\"ListItem\",\"position\":2,\"name\":\"Chambres d&rsquo;h\u00f4tes \u00e0 Fons | Lot\"}]},{\"@type\":\"WebSite\",\"@id\":\"https:\/\/domainedelapiale.com\/#website\",\"url\":\"https:\/\/domainedelapiale.com\/\",\"name\":\"Domaine de La Piale - Fons - Lot\",\"description\":\"Chambre d&#039;h\u00f4te \u00e0 Fons dans le Lot\",\"publisher\":{\"@id\":\"https:\/\/domainedelapiale.com\/#organization\"},\"potentialAction\":[{\"@type\":\"SearchAction\",\"target\":{\"@type\":\"EntryPoint\",\"urlTemplate\":\"https:\/\/domainedelapiale.com\/?s={search_term_string}\"},\"query-input\":\"required name=search_term_string\"}],\"inLanguage\":\"fr-FR\"},{\"@type\":\"Organization\",\"@id\":\"https:\/\/domainedelapiale.com\/#organization\",\"name\":\"Domaine de La Piale - Fons - Lot\",\"url\":\"https:\/\/domainedelapiale.com\/\",\"sameAs\":[],\"logo\":{\"@type\":\"ImageObject\",\"inLanguage\":\"fr-FR\",\"@id\":\"https:\/\/domainedelapiale.com\/#\/schema\/logo\/image\/\",\"url\":\"https:\/\/domainedelapiale.com\/wp-content\/uploads\/2021\/04\/logo_01-gris-01.png\",\"contentUrl\":\"https:\/\/domainedelapiale.com\/wp-content\/uploads\/2021\/04\/logo_01-gris-01.png\",\"width\":701,\"height\":211,\"caption\":\"Domaine de La Piale - Fons - Lot\"},\"image\":{\"@id\":\"https:\/\/domainedelapiale.com\/#\/schema\/logo\/image\/\"}}]}<\/script>\n<!-- \/ Yoast SEO plugin. -->","yoast_head_json":{"title":"Chambres d'h\u00f4tes \u00e0 Fons | Lot - Domaine de La Piale - Fons - Lot","description":"Chambres d'h\u00f4tes et g\u00eete. Le Domaine de La Piale vous accueille \u00e0 Fons dans le Lot. Il est situ\u00e9 dans un cadre propice au repos et \u00e0 la d\u00e9tente.","robots":{"index":"index","follow":"follow","max-snippet":"max-snippet:-1","max-image-preview":"max-image-preview:large","max-video-preview":"max-video-preview:-1"},"canonical":"https:\/\/domainedelapiale.com\/","og_locale":"fr_FR","og_type":"article","og_title":"Chambres d'h\u00f4tes \u00e0 Fons | Lot - Domaine de La Piale - Fons - Lot","og_description":"Chambres d'h\u00f4tes et g\u00eete. Le Domaine de La Piale vous accueille \u00e0 Fons dans le Lot. Il est situ\u00e9 dans un cadre propice au repos et \u00e0 la d\u00e9tente.","og_url":"https:\/\/domainedelapiale.com\/","og_site_name":"Domaine de La Piale - Fons - Lot","article_modified_time":"2021-07-12T08:42:28+00:00","twitter_card":"summary_large_image","twitter_misc":{"Dur\u00e9e de lecture estim\u00e9e":"1 minute"},"schema":{"@context":"https:\/\/schema.org","@graph":[{"@type":"WebPage","@id":"https:\/\/domainedelapiale.com\/","url":"https:\/\/domainedelapiale.com\/","name":"Chambres d'h\u00f4tes \u00e0 Fons | Lot - Domaine de La Piale - Fons - Lot","isPartOf":{"@id":"https:\/\/domainedelapiale.com\/#website"},"datePublished":"2021-07-09T08:35:06+00:00","dateModified":"2021-07-12T08:42:28+00:00","description":"Chambres d'h\u00f4tes et g\u00eete. Le Domaine de La Piale vous accueille \u00e0 Fons dans le Lot. Il est situ\u00e9 dans un cadre propice au repos et \u00e0 la d\u00e9tente.","breadcrumb":{"@id":"https:\/\/domainedelapiale.com\/#breadcrumb"},"inLanguage":"fr-FR","potentialAction":[{"@type":"ReadAction","target":["https:\/\/domainedelapiale.com\/"]}]},{"@type":"BreadcrumbList","@id":"https:\/\/domainedelapiale.com\/#breadcrumb","itemListElement":[{"@type":"ListItem","position":1,"name":"Accueil","item":"https:\/\/domainedelapiale.com\/"},{"@type":"ListItem","position":2,"name":"Chambres d&rsquo;h\u00f4tes \u00e0 Fons | Lot"}]},{"@type":"WebSite","@id":"https:\/\/domainedelapiale.com\/#website","url":"https:\/\/domainedelapiale.com\/","name":"Domaine de La Piale - Fons - Lot","description":"Chambre d&#039;h\u00f4te \u00e0 Fons dans le Lot","publisher":{"@id":"https:\/\/domainedelapiale.com\/#organization"},"potentialAction":[{"@type":"SearchAction","target":{"@type":"EntryPoint","urlTemplate":"https:\/\/domainedelapiale.com\/?s={search_term_string}"},"query-input":"required name=search_term_string"}],"inLanguage":"fr-FR"},{"@type":"Organization","@id":"https:\/\/domainedelapiale.com\/#organization","name":"Domaine de La Piale - Fons - Lot","url":"https:\/\/domainedelapiale.com\/","sameAs":[],"logo":{"@type":"ImageObject","inLanguage":"fr-FR","@id":"https:\/\/domainedelapiale.com\/#\/schema\/logo\/image\/","url":"https:\/\/domainedelapiale.com\/wp-content\/uploads\/2021\/04\/logo_01-gris-01.png","contentUrl":"https:\/\/domainedelapiale.com\/wp-content\/uploads\/2021\/04\/logo_01-gris-01.png","width":701,"height":211,"caption":"Domaine de La Piale - Fons - Lot"},"image":{"@id":"https:\/\/domainedelapiale.com\/#\/schema\/logo\/image\/"}}]}},"_links":{"self":[{"href":"https:\/\/domainedelapiale.com\/index.php\/wp-json\/wp\/v2\/pages\/60","targetHints":{"allow":["GET"]}}],"collection":[{"href":"https:\/\/domainedelapiale.com\/index.php\/wp-json\/wp\/v2\/pages"}],"about":[{"href":"https:\/\/domainedelapiale.com\/index.php\/wp-json\/wp\/v2\/types\/page"}],"author":[{"embeddable":true,"href":"https:\/\/domainedelapiale.com\/index.php\/wp-json\/wp\/v2\/users\/1"}],"replies":[{"embeddable":true,"href":"https:\/\/domainedelapiale.com\/index.php\/wp-json\/wp\/v2\/comments?post=60"}],"version-history":[{"count":2,"href":"https:\/\/domainedelapiale.com\/index.php\/wp-json\/wp\/v2\/pages\/60\/revisions"}],"predecessor-version":[{"id":2029,"href":"https:\/\/domainedelapiale.com\/index.php\/wp-json\/wp\/v2\/pages\/60\/revisions\/2029"}],"wp:attachment":[{"href":"https:\/\/domainedelapiale.com\/index.php\/wp-json\/wp\/v2\/media?parent=60"}],"curies":[{"name":"wp","href":"https:\/\/api.w.org\/{rel}","templated":true}]}}