{"id":2414,"date":"2021-07-22T11:43:23","date_gmt":"2021-07-22T09:43:23","guid":{"rendered":"https:\/\/domainedelapiale.lauremipsum.fr\/?page_id=2414"},"modified":"2021-07-27T12:47:32","modified_gmt":"2021-07-27T10:47:32","slug":"suite-chataigne","status":"publish","type":"page","link":"https:\/\/domainedelapiale.com\/index.php\/suite-chataigne\/","title":{"rendered":"Suite Ch\u00e2taigne"},"content":{"rendered":"","protected":false},"excerpt":{"rendered":"","protected":false},"author":1,"featured_media":0,"parent":0,"menu_order":0,"comment_status":"closed","ping_status":"closed","template":"","meta":{"_et_pb_use_builder":"on","_et_pb_old_content":"","_et_gb_content_width":"","footnotes":""},"class_list":["post-2414","page","type-page","status-publish","hentry"],"yoast_head":"<!-- This site is optimized with the Yoast SEO plugin v19.7 - https:\/\/yoast.com\/wordpress\/plugins\/seo\/ -->\n<title>Suite Ch\u00e2taigne - Domaine de La Piale - Fons - Lot - Tourisme<\/title>\n<meta name=\"description\" content=\"La suite Ch\u00e2taigne est situ\u00e9e au coeur du Domaine de La Piale \u00e0 Fons dans un environnement calme entre Lot et Dordogne.\" \/>\n<meta name=\"robots\" content=\"index, follow, max-snippet:-1, max-image-preview:large, max-video-preview:-1\" \/>\n<link rel=\"canonical\" href=\"https:\/\/domainedelapiale.com\/index.php\/suite-chataigne\/\" \/>\n<meta property=\"og:locale\" content=\"fr_FR\" \/>\n<meta property=\"og:type\" content=\"article\" \/>\n<meta property=\"og:title\" content=\"Suite Ch\u00e2taigne - Domaine de La Piale - Fons - Lot - Tourisme\" \/>\n<meta property=\"og:description\" content=\"La suite Ch\u00e2taigne est situ\u00e9e au coeur du Domaine de La Piale \u00e0 Fons dans un environnement calme entre Lot et Dordogne.\" \/>\n<meta property=\"og:url\" content=\"https:\/\/domainedelapiale.com\/index.php\/suite-chataigne\/\" \/>\n<meta property=\"og:site_name\" content=\"Domaine de La Piale - Fons - Lot\" \/>\n<meta property=\"article:modified_time\" content=\"2021-07-27T10:47:32+00:00\" \/>\n<meta name=\"twitter:card\" content=\"summary_large_image\" \/>\n<script type=\"application\/ld+json\" class=\"yoast-schema-graph\">{\"@context\":\"https:\/\/schema.org\",\"@graph\":[{\"@type\":\"WebPage\",\"@id\":\"https:\/\/domainedelapiale.com\/index.php\/suite-chataigne\/\",\"url\":\"https:\/\/domainedelapiale.com\/index.php\/suite-chataigne\/\",\"name\":\"Suite Ch\u00e2taigne - Domaine de La Piale - Fons - Lot - Tourisme\",\"isPartOf\":{\"@id\":\"https:\/\/domainedelapiale.com\/#website\"},\"datePublished\":\"2021-07-22T09:43:23+00:00\",\"dateModified\":\"2021-07-27T10:47:32+00:00\",\"description\":\"La suite Ch\u00e2taigne est situ\u00e9e au coeur du Domaine de La Piale \u00e0 Fons dans un environnement calme entre Lot et Dordogne.\",\"breadcrumb\":{\"@id\":\"https:\/\/domainedelapiale.com\/index.php\/suite-chataigne\/#breadcrumb\"},\"inLanguage\":\"fr-FR\",\"potentialAction\":[{\"@type\":\"ReadAction\",\"target\":[\"https:\/\/domainedelapiale.com\/index.php\/suite-chataigne\/\"]}]},{\"@type\":\"BreadcrumbList\",\"@id\":\"https:\/\/domainedelapiale.com\/index.php\/suite-chataigne\/#breadcrumb\",\"itemListElement\":[{\"@type\":\"ListItem\",\"position\":1,\"name\":\"Accueil\",\"item\":\"https:\/\/domainedelapiale.com\/\"},{\"@type\":\"ListItem\",\"position\":2,\"name\":\"Suite Ch\u00e2taigne\"}]},{\"@type\":\"WebSite\",\"@id\":\"https:\/\/domainedelapiale.com\/#website\",\"url\":\"https:\/\/domainedelapiale.com\/\",\"name\":\"Domaine de La Piale - Fons - Lot\",\"description\":\"Chambre d&#039;h\u00f4te \u00e0 Fons dans le Lot\",\"publisher\":{\"@id\":\"https:\/\/domainedelapiale.com\/#organization\"},\"potentialAction\":[{\"@type\":\"SearchAction\",\"target\":{\"@type\":\"EntryPoint\",\"urlTemplate\":\"https:\/\/domainedelapiale.com\/?s={search_term_string}\"},\"query-input\":\"required name=search_term_string\"}],\"inLanguage\":\"fr-FR\"},{\"@type\":\"Organization\",\"@id\":\"https:\/\/domainedelapiale.com\/#organization\",\"name\":\"Domaine de La Piale - Fons - Lot\",\"url\":\"https:\/\/domainedelapiale.com\/\",\"sameAs\":[],\"logo\":{\"@type\":\"ImageObject\",\"inLanguage\":\"fr-FR\",\"@id\":\"https:\/\/domainedelapiale.com\/#\/schema\/logo\/image\/\",\"url\":\"https:\/\/domainedelapiale.com\/wp-content\/uploads\/2021\/04\/logo_01-gris-01.png\",\"contentUrl\":\"https:\/\/domainedelapiale.com\/wp-content\/uploads\/2021\/04\/logo_01-gris-01.png\",\"width\":701,\"height\":211,\"caption\":\"Domaine de La Piale - Fons - Lot\"},\"image\":{\"@id\":\"https:\/\/domainedelapiale.com\/#\/schema\/logo\/image\/\"}}]}<\/script>\n<!-- \/ Yoast SEO plugin. -->","yoast_head_json":{"title":"Suite Ch\u00e2taigne - Domaine de La Piale - Fons - Lot - Tourisme","description":"La suite Ch\u00e2taigne est situ\u00e9e au coeur du Domaine de La Piale \u00e0 Fons dans un environnement calme entre Lot et Dordogne.","robots":{"index":"index","follow":"follow","max-snippet":"max-snippet:-1","max-image-preview":"max-image-preview:large","max-video-preview":"max-video-preview:-1"},"canonical":"https:\/\/domainedelapiale.com\/index.php\/suite-chataigne\/","og_locale":"fr_FR","og_type":"article","og_title":"Suite Ch\u00e2taigne - Domaine de La Piale - Fons - Lot - Tourisme","og_description":"La suite Ch\u00e2taigne est situ\u00e9e au coeur du Domaine de La Piale \u00e0 Fons dans un environnement calme entre Lot et Dordogne.","og_url":"https:\/\/domainedelapiale.com\/index.php\/suite-chataigne\/","og_site_name":"Domaine de La Piale - Fons - Lot","article_modified_time":"2021-07-27T10:47:32+00:00","twitter_card":"summary_large_image","schema":{"@context":"https:\/\/schema.org","@graph":[{"@type":"WebPage","@id":"https:\/\/domainedelapiale.com\/index.php\/suite-chataigne\/","url":"https:\/\/domainedelapiale.com\/index.php\/suite-chataigne\/","name":"Suite Ch\u00e2taigne - Domaine de La Piale - Fons - Lot - Tourisme","isPartOf":{"@id":"https:\/\/domainedelapiale.com\/#website"},"datePublished":"2021-07-22T09:43:23+00:00","dateModified":"2021-07-27T10:47:32+00:00","description":"La suite Ch\u00e2taigne est situ\u00e9e au coeur du Domaine de La Piale \u00e0 Fons dans un environnement calme entre Lot et Dordogne.","breadcrumb":{"@id":"https:\/\/domainedelapiale.com\/index.php\/suite-chataigne\/#breadcrumb"},"inLanguage":"fr-FR","potentialAction":[{"@type":"ReadAction","target":["https:\/\/domainedelapiale.com\/index.php\/suite-chataigne\/"]}]},{"@type":"BreadcrumbList","@id":"https:\/\/domainedelapiale.com\/index.php\/suite-chataigne\/#breadcrumb","itemListElement":[{"@type":"ListItem","position":1,"name":"Accueil","item":"https:\/\/domainedelapiale.com\/"},{"@type":"ListItem","position":2,"name":"Suite Ch\u00e2taigne"}]},{"@type":"WebSite","@id":"https:\/\/domainedelapiale.com\/#website","url":"https:\/\/domainedelapiale.com\/","name":"Domaine de La Piale - Fons - Lot","description":"Chambre d&#039;h\u00f4te \u00e0 Fons dans le Lot","publisher":{"@id":"https:\/\/domainedelapiale.com\/#organization"},"potentialAction":[{"@type":"SearchAction","target":{"@type":"EntryPoint","urlTemplate":"https:\/\/domainedelapiale.com\/?s={search_term_string}"},"query-input":"required name=search_term_string"}],"inLanguage":"fr-FR"},{"@type":"Organization","@id":"https:\/\/domainedelapiale.com\/#organization","name":"Domaine de La Piale - Fons - Lot","url":"https:\/\/domainedelapiale.com\/","sameAs":[],"logo":{"@type":"ImageObject","inLanguage":"fr-FR","@id":"https:\/\/domainedelapiale.com\/#\/schema\/logo\/image\/","url":"https:\/\/domainedelapiale.com\/wp-content\/uploads\/2021\/04\/logo_01-gris-01.png","contentUrl":"https:\/\/domainedelapiale.com\/wp-content\/uploads\/2021\/04\/logo_01-gris-01.png","width":701,"height":211,"caption":"Domaine de La Piale - Fons - Lot"},"image":{"@id":"https:\/\/domainedelapiale.com\/#\/schema\/logo\/image\/"}}]}},"_links":{"self":[{"href":"https:\/\/domainedelapiale.com\/index.php\/wp-json\/wp\/v2\/pages\/2414","targetHints":{"allow":["GET"]}}],"collection":[{"href":"https:\/\/domainedelapiale.com\/index.php\/wp-json\/wp\/v2\/pages"}],"about":[{"href":"https:\/\/domainedelapiale.com\/index.php\/wp-json\/wp\/v2\/types\/page"}],"author":[{"embeddable":true,"href":"https:\/\/domainedelapiale.com\/index.php\/wp-json\/wp\/v2\/users\/1"}],"replies":[{"embeddable":true,"href":"https:\/\/domainedelapiale.com\/index.php\/wp-json\/wp\/v2\/comments?post=2414"}],"version-history":[{"count":1,"href":"https:\/\/domainedelapiale.com\/index.php\/wp-json\/wp\/v2\/pages\/2414\/revisions"}],"predecessor-version":[{"id":2415,"href":"https:\/\/domainedelapiale.com\/index.php\/wp-json\/wp\/v2\/pages\/2414\/revisions\/2415"}],"wp:attachment":[{"href":"https:\/\/domainedelapiale.com\/index.php\/wp-json\/wp\/v2\/media?parent=2414"}],"curies":[{"name":"wp","href":"https:\/\/api.w.org\/{rel}","templated":true}]}}